{"id":12,"date":"2016-06-29T20:54:07","date_gmt":"2016-06-29T20:54:07","guid":{"rendered":"http:\/\/www.doc.gold.ac.uk\/~mas02mg\/MOCO2017\/?page_id=12"},"modified":"2017-04-06T17:38:23","modified_gmt":"2017-04-06T17:38:23","slug":"committee","status":"publish","type":"page","link":"http:\/\/moco17.movementcomputing.org\/index.php\/committee\/","title":{"rendered":"Committee"},"content":{"rendered":"<p>&nbsp;<\/p>\n<table>\n<tbody>\n<tr>\n<td>Conference Chair<\/td>\n<td>Marco Gillies, Goldsmiths<\/td>\n<\/tr>\n<tr>\n<td>Organising Committee<\/td>\n<td>Sarah Whatley, Coventry University<br \/>\nFrederic Fol Leymarie, Goldsmiths<br \/>\nKirk Woolford, University of Surrey<br \/>\nPhoenix Perry, Goldsmiths<br \/>\nSimon Katan, Goldsmiths<br \/>\nPerla Maiolino, Goldsmiths<br \/>\nKim Vincs, Deakin University<\/td>\n<\/tr>\n<tr>\n<td>Local organisers<\/td>\n<td>Kiona Niehaus, Goldsmiths<br \/>\nNicky Donald, Goldsmiths<br \/>\nPhoenix Fry, Goldsmiths<\/td>\n<\/tr>\n<tr>\n<td>Steering Committee<\/td>\n<td>Fr\u00e9d\u00e9ric Bevilacqua, IRCAM<br \/>\nSarah Fdili Alaoui, LRI-Universit\u00e9 Paris-Sud 11<br \/>\nJules Fran\u00e7oise,\u00a0Simon Fraser University<br \/>\nPhilippe Pasquier,\u00a0Simon Fraser University<br \/>\nThecla Schiphorst,\u00a0Simon Fraser University<\/td>\n<\/tr>\n<tr>\n<td><\/td>\n<td><\/td>\n<\/tr>\n<\/tbody>\n<\/table>\n","protected":false},"excerpt":{"rendered":"<p>&nbsp; Conference Chair Marco Gillies, Goldsmiths Organising Committee Sarah Whatley, Coventry University Frederic Fol Leymarie, Goldsmiths Kirk Woolford, University of Surrey Phoenix Perry, Goldsmiths Simon Katan, Goldsmiths Perla Maiolino, Goldsmiths Kim Vincs, Deakin University Local organisers Kiona Niehaus, Goldsmiths Nicky Donald, Goldsmiths Phoenix Fry, Goldsmiths Steering Committee Fr\u00e9d\u00e9ric Bevilacqua, IRCAM Sarah Fdili Alaoui, LRI-Universit\u00e9 Paris-Sud &hellip; <a href=\"http:\/\/moco17.movementcomputing.org\/index.php\/committee\/\" class=\"more-link\">Continue reading <span class=\"screen-reader-text\">Committee<\/span> <span class=\"meta-nav\">&rarr;<\/span><\/a><\/p>\n","protected":false},"author":2,"featured_media":0,"parent":0,"menu_order":0,"comment_status":"closed","ping_status":"closed","template":"page-templates\/full-width.php","meta":{"footnotes":""},"class_list":["post-12","page","type-page","status-publish","hentry"],"_links":{"self":[{"href":"http:\/\/moco17.movementcomputing.org\/index.php\/wp-json\/wp\/v2\/pages\/12"}],"collection":[{"href":"http:\/\/moco17.movementcomputing.org\/index.php\/wp-json\/wp\/v2\/pages"}],"about":[{"href":"http:\/\/moco17.movementcomputing.org\/index.php\/wp-json\/wp\/v2\/types\/page"}],"author":[{"embeddable":true,"href":"http:\/\/moco17.movementcomputing.org\/index.php\/wp-json\/wp\/v2\/users\/2"}],"replies":[{"embeddable":true,"href":"http:\/\/moco17.movementcomputing.org\/index.php\/wp-json\/wp\/v2\/comments?post=12"}],"version-history":[{"count":16,"href":"http:\/\/moco17.movementcomputing.org\/index.php\/wp-json\/wp\/v2\/pages\/12\/revisions"}],"predecessor-version":[{"id":143,"href":"http:\/\/moco17.movementcomputing.org\/index.php\/wp-json\/wp\/v2\/pages\/12\/revisions\/143"}],"wp:attachment":[{"href":"http:\/\/moco17.movementcomputing.org\/index.php\/wp-json\/wp\/v2\/media?parent=12"}],"curies":[{"name":"wp","href":"https:\/\/api.w.org\/{rel}","templated":true}]}}